
{"id":1279,"date":"2015-02-19T08:41:10","date_gmt":"2015-02-19T08:41:10","guid":{"rendered":"http:\/\/latitudes.paris-lavillette.archi.fr\/?page_id=1279"},"modified":"2022-07-29T15:25:16","modified_gmt":"2022-07-29T15:25:16","slug":"graph","status":"publish","type":"page","link":"https:\/\/latitudes.paris-lavillette.archi.fr\/?page_id=1279","title":{"rendered":"GRAPH"},"content":{"rendered":"<p><span style=\"font-size: 12pt;\">Le graphique ci-dessous repr\u00e9sente la p\u00e9rennit\u00e9 des \u00e9changes entre Latitudes et ses pays partenaires de 2009 \u00e0 2015.<\/span><\/p>\n<p><span style=\"font-size: 12pt;\">L&rsquo;abscisse repr\u00e9sentant simplement le nombre d&rsquo;\u00e9changes organis\u00e9s depuis 2009.<\/span><\/p>\n<p><span style=\"color: #ff9900; font-size: 12pt;\">Graphique \u00e9volutif<\/span><\/p>\n<div id=\"amchart1\" style=\"width: 100%; height: 800px;\"><\/div>\n","protected":false},"excerpt":{"rendered":"<p>Le graphique ci-dessous repr\u00e9sente la p\u00e9rennit\u00e9 des \u00e9changes entre Latitudes et ses pays partenaires de 2009 \u00e0 2015. L&rsquo;abscisse repr\u00e9sentant simplement le nombre d&rsquo;\u00e9changes organis\u00e9s depuis 2009. Graphique \u00e9volutif<\/p>\n","protected":false},"author":1,"featured_media":0,"parent":0,"menu_order":0,"comment_status":"closed","ping_status":"open","template":"","meta":[],"_links":{"self":[{"href":"https:\/\/latitudes.paris-lavillette.archi.fr\/index.php?rest_route=\/wp\/v2\/pages\/1279"}],"collection":[{"href":"https:\/\/latitudes.paris-lavillette.archi.fr\/index.php?rest_route=\/wp\/v2\/pages"}],"about":[{"href":"https:\/\/latitudes.paris-lavillette.archi.fr\/index.php?rest_route=\/wp\/v2\/types\/page"}],"author":[{"embeddable":true,"href":"https:\/\/latitudes.paris-lavillette.archi.fr\/index.php?rest_route=\/wp\/v2\/users\/1"}],"replies":[{"embeddable":true,"href":"https:\/\/latitudes.paris-lavillette.archi.fr\/index.php?rest_route=%2Fwp%2Fv2%2Fcomments&post=1279"}],"version-history":[{"count":7,"href":"https:\/\/latitudes.paris-lavillette.archi.fr\/index.php?rest_route=\/wp\/v2\/pages\/1279\/revisions"}],"predecessor-version":[{"id":2437,"href":"https:\/\/latitudes.paris-lavillette.archi.fr\/index.php?rest_route=\/wp\/v2\/pages\/1279\/revisions\/2437"}],"wp:attachment":[{"href":"https:\/\/latitudes.paris-lavillette.archi.fr\/index.php?rest_route=%2Fwp%2Fv2%2Fmedia&parent=1279"}],"curies":[{"name":"wp","href":"https:\/\/api.w.org\/{rel}","templated":true}]}}